{"id":3715,"date":"2021-01-12T05:22:44","date_gmt":"2021-01-12T07:22:44","guid":{"rendered":"https:\/\/antsienos.lt\/?page_id=3715"},"modified":"2021-01-12T05:22:45","modified_gmt":"2021-01-12T07:22:45","slug":"privatumas","status":"publish","type":"page","link":"https:\/\/antsienos.lt\/en\/privatumas\/","title":{"rendered":"Privatumas"},"content":{"rendered":"<p>1. Bendrosios nuostatos.<\/p>\n<p>\u0160ios privatumo taisykl\u0117s (toliau &#8211; &#8222;taisykl\u0117s&#8221;) reglamentuoja pagrindinius principus ir tvark\u0105, kuria remdamasis Pardav\u0117jas (toliau &#8211; &#8222;Pardav\u0117jas&#8221;) tvarko interneto parduotuv\u0117je (toliau &#8211; &#8222;e-parduotuv\u0117&#8221;) Pirk\u0117j\u0173 (toliau &#8211; &#8222;Pirk\u0117jas&#8221;) asmens duomenis.<\/p>\n<p>Pirk\u0117jo asmenini\u0173 duomen\u0173 tvarkym\u0105 nustato \u0161ios taisykl\u0117s, LR Asmens duomen\u0173 teisin\u0117s apsaugos \u012fstatymas ir kiti teis\u0117s aktai, reglamentuojantys toki\u0173 duomen\u0173 rinkim\u0105.<\/p>\n<p>2. Registracijos pateikimo taisykl\u0117s.<\/p>\n<p>2.1 Pirk\u0117jas registracijos formoje pateikia teising\u0105 informacij\u0105, kurios pra\u0161oma, apie save. Tuo atveju, jeigu Registracijos formoje bus pateikta klaidinga, nepilna informacija, Pardav\u0117jas pasilieka teis\u0119 u\u017esakym\u0105 anuliuoti apie tai informavus Pirk\u0117j\u0105 jo nurodytais kontaktiniais duomenimis. Kiekvieno pirk\u0117jo teis\u0117 \u012f privatum\u0105 yra gerbiama. \u00a0Pirk\u0117jo pateikta informacija naudojama tokiems tikslams:<\/p>\n<p>&#8211; preki\u0173 u\u017esakymams apdoroti ir \u012fvykdyti;<\/p>\n<p>&#8211; sp\u0119sti problemas, kurios susijusios su preki\u0173 pristatymu;<\/p>\n<p>Asmens duomenys yra saugomi.<\/p>\n<p>2.2 Duomenys (ne asmeniniai), kurie susij\u0119 su \u012fsigytomis prek\u0117mis (pvz. preki\u0173 kiekis, r\u016b\u0161is), Pardav\u0117jas gali naudoti statistiniams tikslams. Tokiu atveju nebus galimyb\u0117s nustatyti Pirk\u0117jo asmens tapatyb\u0119.<\/p>\n<p>Pirk\u0117jo asmens duomenys negali b\u016bti perduodami tre\u010diosioms \u0161alims negavus Pirk\u0117jo sutikimo. Duomenys gali b\u016bti perduodami tik LR \u012fstatym\u0173 nustatyta tvarka.<\/p>\n<p>3. Asmens duomen\u0173 tvarkymas.<\/p>\n<p>Pirk\u0117jas sutinka, kad asmens duomenys, kuriuos jis pateikia Registracijos formoje, bus tvarkomi remiantis \u0161iomis taisykl\u0117mis.<\/p>\n<p>4. Taisykli\u0173 keitimas.<\/p>\n<p>Pardav\u0117jas pasilieka teis\u0119 pakeisti Privatumo politik\u0105. \u00a0Pirk\u0117jas naudodamasis e-parduotuv\u0117s paslaugomis sutinka su Pardav\u0117jo nustatyta privatumo politika.<\/p>\n<p>5. Baigiamosios nuostatos.<\/p>\n<p>\u0160ioms Privatumo s\u0105lygoms yra taikoma LR teis\u0117. Visi nesutarimai d\u0117l \u0161i\u0173 taisykli\u0173 vykdymo yra sprend\u017eiami deryb\u0173 keliu. Nepavykus susitarti, nesutarimai yra sprend\u017eiami LR \u012fstatym\u0173 nustatyta tvarka.<\/p>","protected":false},"excerpt":{"rendered":"<p>1. Bendrosios nuostatos. \u0160ios privatumo taisykl\u0117s (toliau &#8211; &#8222;taisykl\u0117s&#8221;) reglamentuoja pagrindinius principus ir tvark\u0105, kuria remdamasis Pardav\u0117jas (toliau &#8211; &#8222;Pardav\u0117jas&#8221;) tvarko interneto parduotuv\u0117je (toliau &#8211; &#8222;e-parduotuv\u0117&#8221;) Pirk\u0117j\u0173 (toliau &#8211; &#8222;Pirk\u0117jas&#8221;) asmens duomenis. Pirk\u0117jo asmenini\u0173 duomen\u0173 tvarkym\u0105 nustato \u0161ios taisykl\u0117s, LR Asmens duomen\u0173 teisin\u0117s apsaugos \u012fstatymas ir kiti teis\u0117s aktai, reglamentuojantys toki\u0173 duomen\u0173 rinkim\u0105. 2. Registracijos&#8230;<\/p>","protected":false},"author":3,"featured_media":0,"parent":0,"menu_order":0,"comment_status":"closed","ping_status":"closed","template":"","meta":{"footnotes":""},"class_list":["post-3715","page","type-page","status-publish","hentry"],"_links":{"self":[{"href":"https:\/\/antsienos.lt\/en\/wp-json\/wp\/v2\/pages\/3715","targetHints":{"allow":["GET"]}}],"collection":[{"href":"https:\/\/antsienos.lt\/en\/wp-json\/wp\/v2\/pages"}],"about":[{"href":"https:\/\/antsienos.lt\/en\/wp-json\/wp\/v2\/types\/page"}],"author":[{"embeddable":true,"href":"https:\/\/antsienos.lt\/en\/wp-json\/wp\/v2\/users\/3"}],"replies":[{"embeddable":true,"href":"https:\/\/antsienos.lt\/en\/wp-json\/wp\/v2\/comments?post=3715"}],"version-history":[{"count":1,"href":"https:\/\/antsienos.lt\/en\/wp-json\/wp\/v2\/pages\/3715\/revisions"}],"predecessor-version":[{"id":3716,"href":"https:\/\/antsienos.lt\/en\/wp-json\/wp\/v2\/pages\/3715\/revisions\/3716"}],"wp:attachment":[{"href":"https:\/\/antsienos.lt\/en\/wp-json\/wp\/v2\/media?parent=3715"}],"curies":[{"name":"wp","href":"https:\/\/api.w.org\/{rel}","templated":true}]}}