{"id":3717,"date":"2021-01-12T05:27:21","date_gmt":"2021-01-12T07:27:21","guid":{"rendered":"https:\/\/antsienos.lt\/?page_id=3717"},"modified":"2021-01-12T05:27:22","modified_gmt":"2021-01-12T07:27:22","slug":"pirkimo-taisykles","status":"publish","type":"page","link":"https:\/\/antsienos.lt\/en\/pirkimo-taisykles\/","title":{"rendered":"Pirkimo taisykl\u0117s"},"content":{"rendered":"<p align=\"center\"><strong>Preki\u0173 pristatymo informacija<\/strong><\/p>\n<p>1. U\u017esakymas pradedamas vykdyti tik gavus apmok\u0117jim\u0105 u\u017e prekes.<\/p>\n<p>1. Pardav\u0117jas \u012fsipareigoja u\u017esakytas prekes pristatyti Pirk\u0117jo registracijos formoje nurodytu adresu. \u00a0Pirk\u0117jas pats atsakingas u\u017e teising\u0173 duomen\u0173 pateikim\u0105.<\/p>\n<p>2. Pirk\u0117jas \u012fsipareigoja sumok\u0117ti u\u017e preki\u0173 pristatym\u0105 pagal Pardav\u0117jo nustatytas s\u0105lygas ir \u012fkainius.<\/p>\n<p>3. Prek\u0117s pristatomos vadovaujantis Pardav\u0117jo nurodytais terminais. Jeigu preki\u0173 pristatymas v\u0117luoja, Pardav\u0117jas apie tai turi informuoti Pirk\u0117j\u0105 jo nurodytais kontaktiniais duomenimis. Pirk\u0117jas sutinka, jog preki\u0173 pateikimas gali v\u0117luoti d\u0117l nenumatyt\u0173, nuo Pardav\u0117jo nepriklausan\u010di\u0173 aplinkybi\u0173.<\/p>\n<p>4. Jeigu preki\u0173 pristatymo metu Pirk\u0117jas prekes pri\u0117m\u0117 pasira\u0161\u0119s Preki\u0173 pristatymo dokumente be pastab\u0173, laikoma, kad prek\u0117s pristatytos Pirk\u0117jui nepa\u017eeistoje pakuot\u0117je, preki\u0173 kiekis, kokyb\u0117 ir r\u016b\u0161is atitinka Pirk\u0117jo \u012fsigytas prekes. Tokiu atveju Pardav\u0117jas neatsako u\u017e preki\u0173 pa\u017eeidim\u0105 , jeigu toki\u0173 pa\u017eeidim\u0173 atsiradimo pagrindas n\u0117ra gamyklinis brokas.<\/p>\n<p>5. Preki\u0173 pateikimo Pirk\u0117jui metu Pirk\u0117jas privalo kartu su Pardav\u0117ju arba jo \u012fgaliotu atstovu patikrinti siuntos ir prek\u0117s(-i\u0173) b\u016bkl\u0119, preki\u0173 kiek\u012f, kokyb\u0119.\u00a0 Jeigu preki\u0173 kiekis, r\u016b\u0161is ir\/ar kokyb\u0117 neatitinka Pirk\u0117jo \u012fsigytos prekes, apie tai nedelsiant turi b\u016bti informuojamas Pardav\u0117jas.<\/p>\n<p>6. Prista\u010dius prekes Pirk\u0117jo nurodytu adresu, laikoma, kad Prek\u0117s Pirk\u0117jui yra perduotos, nepriklausomai nuo to, ar Prekes fakti\u0161kai priima Pirk\u0117jas, ar bet kuris kitas asmuo, pri\u0117m\u0119s Prekes nurodytu adresu.<\/p>\n<p>7. U\u017e preki\u0173 sugadinim\u0105 tampa atsakingas Pirk\u0117jas nuo preki\u0173 gavimo dienos.<\/p>\n<p>\u00a08. Jeigu nustatyt\u0105 preki\u0173 pristatymo dien\u0105 prek\u0117s Pirk\u0117jui n\u0117ra pristatytos, Pirk\u0117jas apie tai privalo informuoti Pardav\u0117j\u0105.<\/p>\n<p align=\"center\"><strong>Preki\u0173 gr\u0105\u017einimo ir keitimo s\u0105lygos<\/strong><\/p>\n<p>9. Visos e. parduotuv\u0117je parduodamos prek\u0117s gaminamos tik pagal individualius u\u017esakymus. Prek\u0117ms n\u0117ra taikoma pinig\u0173 gr\u0105\u017einimo garantija, taip pat prek\u0117s negali b\u016bti kei\u010diamos. Pinigai u\u017e \u012fsigyt\u0105 prek\u0119 gr\u0105\u017einami arba prek\u0117 kei\u010diama tik pardav\u0117jui sutikus, arba jeigu pirk\u0117jas gavo sugadint\u0105, transportavimo metu pa\u017eeist\u0105 prek\u0119.<\/p>\n<p>10. Jeigu pardav\u0117jas sutinka gr\u0105\u017einti pinigus u\u017e \u012fsigyt\u0105 prek\u0119 arba j\u0105 pakeisti, Pirk\u0117jui gr\u0105\u017einant Prekes, b\u016btina laikytis \u0161i\u0173 s\u0105lyg\u0173:<\/p>\n<p>10.1.\u00a0\u00a0\u00a0\u00a0\u00a0\u00a0\u00a0\u00a0\u00a0\u00a0\u00a0\u00a0\u00a0\u00a0 Gr\u0105\u017einama Prek\u0117 turi b\u016bti originalioje tvarkingoje pakuot\u0117je.<\/p>\n<p>10.2.\u00a0\u00a0\u00a0\u00a0\u00a0\u00a0\u00a0\u00a0\u00a0\u00a0\u00a0\u00a0\u00a0\u00a0 Prek\u0117 turi b\u016bti nesugadinta.<\/p>\n<p>10.3.\u00a0\u00a0\u00a0\u00a0\u00a0\u00a0\u00a0\u00a0\u00a0\u00a0\u00a0\u00a0\u00a0\u00a0 Gr\u0105\u017einama Prek\u0117 turi b\u016bti tos pa\u010dios komplektacijos, kokios buvo Pirk\u0117jo gauta.<\/p>\n<p>10.4.\u00a0\u00a0\u00a0\u00a0\u00a0\u00a0\u00a0\u00a0\u00a0\u00a0\u00a0\u00a0\u00a0\u00a0 Prek\u0117 turi b\u016bti nenaudota, nepraradusi prekin\u0117s i\u0161vaizdos.<\/p>\n<p>10.5.\u00a0\u00a0\u00a0\u00a0\u00a0\u00a0\u00a0\u00a0\u00a0\u00a0\u00a0\u00a0\u00a0\u00a0 Gr\u0105\u017einant prek\u0119 b\u016btina pateikti prek\u0117s \u012fsigijim\u0105 patvirtinan\u010dius dokumentus.<\/p>\n<p>11. Jeigu prek\u0117s gr\u0105\u017einimo metu nustatyt\u0173 s\u0105lyg\u0173 nesilaikoma, Pardav\u0117jas turi teis\u0119 nepriimti prek\u0117s.<\/p>\n<p>12. Prek\u0117s Pardav\u0117jui gr\u0105\u017einamos jas prista\u010dius Pardav\u0117jo b\u016bstin\u0117s nurodytu adresu. Pardav\u0117jo kontaktin\u0117 informacija pateikiama tinklapyje\u00a0<a href=\"https:\/\/web.archive.org\/web\/20160919143337\/https:\/\/antsienos.lt\/\">www.antsienos.lt<\/a>.<\/p>\n<p align=\"center\"><strong>Preki\u0173 pristatymo \u012fkainiai ir terminai<\/strong><\/p>\n<p>U\u017esakyta (-os) prek\u0117 (-\u0117s) pristatoma (-os) pagal kliento pasirinkim\u0105:<\/p>\n<ul>\n<li>Pasinaudojus prek\u0117s siuntimo paslauga;<\/li>\n<li>Prekes atsi\u0117mus m\u016bs\u0173 b\u016bstin\u0117je (adresas: Smolensko 19\/1F, 03200, Vilnius).<\/li>\n<\/ul>\n<p>Pirk\u0117jas \u012fsipareigoja padengti prek\u0117s siuntimo ka\u0161tus, o Pardav\u0117jas \u2013 prekes pristatyti per nurodyt\u0105 laikotarp\u012f:<\/p>\n<ul>\n<li>Pristatymo mokestis \u2013\u00a02,90 EUR. Prek\u0117 pristatoma per\u00a0<strong><u>10-15 darbo dien\u0173<\/u>\u00a0nuo apmok\u0117jimo u\u017e prek\u0119 gavimo dienos<\/strong>. Jeigu u\u017esakymas pateiktas nedarbo dien\u0105, jis bus prad\u0117tas vykdyti kit\u0105 artimiausi\u0105 darbo dien\u0105. Jeigu prek\u0117s pristatymas v\u0117luos, Pardav\u0117jas apie tai informuos Pirk\u0117j\u0105 jo nurodytais kontaktiniais duomenimis.<\/li>\n<li>Preki\u0173 atsi\u0117mimas m\u016bs\u0173 b\u016bstin\u0117je yra\u00a0<strong>nemokamas<\/strong>. Pardav\u0117jas susisieks su Pirk\u0117ju jo nurodytais kontaktiniais duomenimis ir informuos apie galimyb\u0119 atsiimti prekes.<\/li>\n<\/ul>\n<div class=\"buttons\">\u00a0<\/div>","protected":false},"excerpt":{"rendered":"<p>Preki\u0173 pristatymo informacija 1. U\u017esakymas pradedamas vykdyti tik gavus apmok\u0117jim\u0105 u\u017e prekes. 1. Pardav\u0117jas \u012fsipareigoja u\u017esakytas prekes pristatyti Pirk\u0117jo registracijos formoje nurodytu adresu. \u00a0Pirk\u0117jas pats atsakingas u\u017e teising\u0173 duomen\u0173 pateikim\u0105. 2. Pirk\u0117jas \u012fsipareigoja sumok\u0117ti u\u017e preki\u0173 pristatym\u0105 pagal Pardav\u0117jo nustatytas s\u0105lygas ir \u012fkainius. 3. Prek\u0117s pristatomos vadovaujantis Pardav\u0117jo nurodytais terminais. Jeigu preki\u0173 pristatymas v\u0117luoja, Pardav\u0117jas&#8230;<\/p>","protected":false},"author":3,"featured_media":0,"parent":0,"menu_order":0,"comment_status":"closed","ping_status":"closed","template":"","meta":{"footnotes":""},"class_list":["post-3717","page","type-page","status-publish","hentry"],"_links":{"self":[{"href":"https:\/\/antsienos.lt\/en\/wp-json\/wp\/v2\/pages\/3717","targetHints":{"allow":["GET"]}}],"collection":[{"href":"https:\/\/antsienos.lt\/en\/wp-json\/wp\/v2\/pages"}],"about":[{"href":"https:\/\/antsienos.lt\/en\/wp-json\/wp\/v2\/types\/page"}],"author":[{"embeddable":true,"href":"https:\/\/antsienos.lt\/en\/wp-json\/wp\/v2\/users\/3"}],"replies":[{"embeddable":true,"href":"https:\/\/antsienos.lt\/en\/wp-json\/wp\/v2\/comments?post=3717"}],"version-history":[{"count":1,"href":"https:\/\/antsienos.lt\/en\/wp-json\/wp\/v2\/pages\/3717\/revisions"}],"predecessor-version":[{"id":3718,"href":"https:\/\/antsienos.lt\/en\/wp-json\/wp\/v2\/pages\/3717\/revisions\/3718"}],"wp:attachment":[{"href":"https:\/\/antsienos.lt\/en\/wp-json\/wp\/v2\/media?parent=3717"}],"curies":[{"name":"wp","href":"https:\/\/api.w.org\/{rel}","templated":true}]}}