{"id":10301,"date":"2025-02-06T12:00:27","date_gmt":"2025-02-06T14:00:27","guid":{"rendered":"https:\/\/antsienos.lt\/?post_type=product&#038;p=10301"},"modified":"2025-02-10T05:50:23","modified_gmt":"2025-02-10T07:50:23","slug":"3-daliu-paveikslas-juros-bangos-ir-saulelydis","status":"publish","type":"product","link":"https:\/\/antsienos.lt\/en\/product\/3-daliu-paveikslas-juros-bangos-ir-saulelydis\/","title":{"rendered":"3-part painting \"Sea waves and sunset\""},"content":{"rendered":"<p><strong>Sizes:<\/strong><\/p>\n<ul>\n<li>60x120cm: 3 x 40 cm x 60 cm<\/li>\n<li>90x180cm: 3 x 60 cm x 90 cm<\/li>\n<\/ul>\n<p class=\"translation-block\"><strong>High-quality printing!<\/strong><br>\nHigh-quality canvas combined with the appropriate printing resolution guarantees excellent image clarity and color depth.<br>\nThe painting does not require additional frames and is immediately ready to hang.<\/p>","protected":false},"excerpt":{"rendered":"<p>\u0160is trij\u0173 dali\u0173 paveikslas vaizduoja paj\u016brio peiza\u017e\u0105 su mediniu lieptu, vedan\u010diu \u012f j\u016br\u0105, kurioje matomos bangos, o horizonte nusileid\u017eia saul\u0117. Kiekviena dalis harmoningai susijungia, sukurdama ramyb\u0117s ir gamtos gro\u017eio atmosfer\u0105, kuri puikiai tinka svetain\u0117s ar miegamojo interjerui, siekiant sukurti jauki\u0105 ir atpalaiduojan\u010di\u0105 aplink\u0105.<\/p>","protected":false},"featured_media":10306,"comment_status":"open","ping_status":"closed","template":"","meta":[],"product_brand":[],"product_cat":[272,519],"product_tag":[1192,273,289],"class_list":{"0":"post-10301","1":"product","2":"type-product","3":"status-publish","4":"has-post-thumbnail","6":"product_cat-paveikslai","7":"product_cat-triju-daliu","8":"product_tag-3-daliu-paveikslas-juros-bangos-ir-saulelydis","9":"product_tag-paveikslas","10":"product_tag-triptikas","12":"first","13":"instock","14":"taxable","15":"shipping-taxable","16":"purchasable","17":"product-type-variable"},"_links":{"self":[{"href":"https:\/\/antsienos.lt\/en\/wp-json\/wp\/v2\/product\/10301","targetHints":{"allow":["GET"]}}],"collection":[{"href":"https:\/\/antsienos.lt\/en\/wp-json\/wp\/v2\/product"}],"about":[{"href":"https:\/\/antsienos.lt\/en\/wp-json\/wp\/v2\/types\/product"}],"replies":[{"embeddable":true,"href":"https:\/\/antsienos.lt\/en\/wp-json\/wp\/v2\/comments?post=10301"}],"wp:featuredmedia":[{"embeddable":true,"href":"https:\/\/antsienos.lt\/en\/wp-json\/wp\/v2\/media\/10306"}],"wp:attachment":[{"href":"https:\/\/antsienos.lt\/en\/wp-json\/wp\/v2\/media?parent=10301"}],"wp:term":[{"taxonomy":"product_brand","embeddable":true,"href":"https:\/\/antsienos.lt\/en\/wp-json\/wp\/v2\/product_brand?post=10301"},{"taxonomy":"product_cat","embeddable":true,"href":"https:\/\/antsienos.lt\/en\/wp-json\/wp\/v2\/product_cat?post=10301"},{"taxonomy":"product_tag","embeddable":true,"href":"https:\/\/antsienos.lt\/en\/wp-json\/wp\/v2\/product_tag?post=10301"}],"curies":[{"name":"wp","href":"https:\/\/api.w.org\/{rel}","templated":true}]}}