{"id":13270,"date":"2025-03-31T10:50:56","date_gmt":"2025-03-31T12:50:56","guid":{"rendered":"https:\/\/antsienos.lt\/?post_type=product&#038;p=13270"},"modified":"2025-03-31T10:59:02","modified_gmt":"2025-03-31T12:59:02","slug":"balloon-blue","status":"publish","type":"product","link":"https:\/\/antsienos.lt\/en\/product\/balloon-blue\/","title":{"rendered":"Balloon Blue"},"content":{"rendered":"<h3>Wall clock BALLOON BLUE.<\/h3>\n<p>The BALLOON BLUE wall clock is a large and expressive composition that will liven up a child's room. This clock was designed to fit both modern and classic interiors. It is perfect as a gift.<\/p>\n<p><strong>SPECIFICATION:<\/strong><\/p>\n<p>The watch consists of a legible dial with a diameter of <strong>30cm x 23cm<\/strong> \u2013 ir 3 debes\u0173, visuma sukuria modern\u0173 efekt\u0105 ant sienos.<\/p>\n<p>The clock is made of glossy acrylic glass. Acrylic glass has a modern aesthetic appearance, is lighter and many times stronger than natural glass. It is very decorative and perfectly reflects sunlight. Due to its resistance to UV rays and external conditions, it does not require special care and retains its properties for a very long time.<\/p>\n<p class=\"translation-block\">Clock face \u2013 glossy PMMA acrylic glass, <strong>BLUE color<\/strong><br>\nHand color \u2013 <strong>WHITE<\/strong><br>\nSilent quartz movement, <strong>powered by AA battery<\/strong> (standard finger)<br>\nBalloon disk diameter: <strong>30 cm x 23 cm<\/strong><br>\nCloud: <strong>15cm x 8cm<\/strong><br>\nOverall exhibition dimensions: <strong>58cm x 44cm<\/strong><\/p>","protected":false},"excerpt":{"rendered":"<p>Wall clock BALLOON BLUE.<\/p>","protected":false},"featured_media":13273,"comment_status":"open","ping_status":"closed","template":"","meta":[],"product_brand":[],"product_cat":[227,185,66],"product_tag":[228,1659,187,1550],"class_list":{"0":"post-13270","1":"product","2":"type-product","3":"status-publish","4":"has-post-thumbnail","6":"product_cat-akrilo-stiklo","7":"product_cat-klijuojami","8":"product_cat-laikrodziai","9":"product_tag-akrilo-stiklo","10":"product_tag-balloon-blue","11":"product_tag-klijuojami-laikrodziai","12":"product_tag-laikrodziai","14":"first","15":"instock","16":"taxable","17":"shipping-taxable","18":"purchasable","19":"product-type-simple"},"_links":{"self":[{"href":"https:\/\/antsienos.lt\/en\/wp-json\/wp\/v2\/product\/13270","targetHints":{"allow":["GET"]}}],"collection":[{"href":"https:\/\/antsienos.lt\/en\/wp-json\/wp\/v2\/product"}],"about":[{"href":"https:\/\/antsienos.lt\/en\/wp-json\/wp\/v2\/types\/product"}],"replies":[{"embeddable":true,"href":"https:\/\/antsienos.lt\/en\/wp-json\/wp\/v2\/comments?post=13270"}],"wp:featuredmedia":[{"embeddable":true,"href":"https:\/\/antsienos.lt\/en\/wp-json\/wp\/v2\/media\/13273"}],"wp:attachment":[{"href":"https:\/\/antsienos.lt\/en\/wp-json\/wp\/v2\/media?parent=13270"}],"wp:term":[{"taxonomy":"product_brand","embeddable":true,"href":"https:\/\/antsienos.lt\/en\/wp-json\/wp\/v2\/product_brand?post=13270"},{"taxonomy":"product_cat","embeddable":true,"href":"https:\/\/antsienos.lt\/en\/wp-json\/wp\/v2\/product_cat?post=13270"},{"taxonomy":"product_tag","embeddable":true,"href":"https:\/\/antsienos.lt\/en\/wp-json\/wp\/v2\/product_tag?post=13270"}],"curies":[{"name":"wp","href":"https:\/\/api.w.org\/{rel}","templated":true}]}}