{"id":13872,"date":"2025-04-23T06:13:43","date_gmt":"2025-04-23T08:13:43","guid":{"rendered":"https:\/\/antsienos.lt\/?post_type=product&#038;p=13872"},"modified":"2025-04-28T05:27:10","modified_gmt":"2025-04-28T07:27:10","slug":"drugeliai-bronze","status":"publish","type":"product","link":"https:\/\/antsienos.lt\/en\/product\/drugeliai-bronze\/","title":{"rendered":"Butterflies Bronze"},"content":{"rendered":"<h3>Akrilo stiklo sieninis laikrodis DRUGELIAI BRONZE<span style=\"font-size: 16px;\">.<\/span><\/h3>\n<p>Unikalus ir modernus sieninis laikrodis. Jo paprastumas ir gro\u017eis \u017eavi kiekvien\u0105, kuris \u012f j\u012f \u017ei\u016bri. Pagaminta i\u0161\u00a0<b>METALINIO AKRILINIO STIKLO<\/b>\u00a0su blizgesiu. Puikiai dera prie bet kokio interjero, tai ne tik laikrodis, bet ir gra\u017ei J\u016bs\u0173 svetain\u0117s ar biuro puo\u0161mena. Puikiai tinka kaip dovana.<\/p>\n<p><strong>SPECIFIKACIJA:<\/strong><\/p>\n<p>Laikrodis pagamintas i\u0161 GLOSSY PMMA akrilo stiklo. Akrilinis stiklas pasi\u017eymi modernia esteti\u0161ka i\u0161vaizda, yra lengvesnis ir daug kart\u0173 tvirtesnis u\u017e nat\u016bral\u0173 stikl\u0105. Dekoratyvus ir puikiai atspindi saul\u0117s \u0161vies\u0105. D\u0117l atsparumo UV spinduliams ir i\u0161orin\u0117ms s\u0105lygoms nereikalauja ypatingos prie\u017ei\u016bros ir savo savybes i\u0161laiko labai ilgai.<\/p>\n<p>Laikrod\u017eio ciferblatas &#8211; PMMA <strong>akrilinis stiklas<\/strong> &#8211; spalva: <strong>METALIC COPPER metalinis varis<\/strong><br \/>\nRank\u0173 spalva: <strong>GOLD auksin\u0117<\/strong><br \/>\n<strong>Tyliai tekantis<\/strong> KVARTO JUD\u0116JIMAS<br \/>\nBendri parodos matmenys: <strong>33cm x 60cm<\/strong> [<strong>did\u017eiausias drugelis 16cm<\/strong>]<br \/>\nMatmenys: paties skydo skersmuo <strong>28cm x 28cm<\/strong><\/p>\n<p><strong>MONTAVIMAS:<\/strong><\/p>\n<p>Laikrod\u017eio montavimas yra greitas ir patogus. Ciferblatas su rodykl\u0117mis skirtas pakabinti ant kabliuko. Drugeliai yra lipn\u016bs ir tvirtinami prie sienos su montavimo juosta. Kiekvienas elementas yra paruo\u0161tas surinkimui.<\/p>\n","protected":false},"excerpt":{"rendered":"<p>Acrylic glass wall clock BUTTERFLIES BRONZE.<\/p>","protected":false},"featured_media":13877,"comment_status":"open","ping_status":"closed","template":"","meta":[],"product_brand":[],"product_cat":[227,185,66],"product_tag":[228,1785,187,1047],"class_list":{"0":"post-13872","1":"product","2":"type-product","3":"status-publish","4":"has-post-thumbnail","6":"product_cat-akrilo-stiklo","7":"product_cat-klijuojami","8":"product_cat-laikrodziai","9":"product_tag-akrilo-stiklo","10":"product_tag-drugeliai-bronze","11":"product_tag-klijuojami-laikrodziai","12":"product_tag-laikrodis","14":"first","15":"instock","16":"taxable","17":"shipping-taxable","18":"purchasable","19":"product-type-simple"},"_links":{"self":[{"href":"https:\/\/antsienos.lt\/en\/wp-json\/wp\/v2\/product\/13872","targetHints":{"allow":["GET"]}}],"collection":[{"href":"https:\/\/antsienos.lt\/en\/wp-json\/wp\/v2\/product"}],"about":[{"href":"https:\/\/antsienos.lt\/en\/wp-json\/wp\/v2\/types\/product"}],"replies":[{"embeddable":true,"href":"https:\/\/antsienos.lt\/en\/wp-json\/wp\/v2\/comments?post=13872"}],"wp:featuredmedia":[{"embeddable":true,"href":"https:\/\/antsienos.lt\/en\/wp-json\/wp\/v2\/media\/13877"}],"wp:attachment":[{"href":"https:\/\/antsienos.lt\/en\/wp-json\/wp\/v2\/media?parent=13872"}],"wp:term":[{"taxonomy":"product_brand","embeddable":true,"href":"https:\/\/antsienos.lt\/en\/wp-json\/wp\/v2\/product_brand?post=13872"},{"taxonomy":"product_cat","embeddable":true,"href":"https:\/\/antsienos.lt\/en\/wp-json\/wp\/v2\/product_cat?post=13872"},{"taxonomy":"product_tag","embeddable":true,"href":"https:\/\/antsienos.lt\/en\/wp-json\/wp\/v2\/product_tag?post=13872"}],"curies":[{"name":"wp","href":"https:\/\/api.w.org\/{rel}","templated":true}]}}