{"id":14258,"date":"2025-05-05T04:15:14","date_gmt":"2025-05-05T06:15:14","guid":{"rendered":"https:\/\/antsienos.lt\/?post_type=product&#038;p=14258"},"modified":"2025-05-05T04:30:44","modified_gmt":"2025-05-05T06:30:44","slug":"drugeliai-orange","status":"publish","type":"product","link":"https:\/\/antsienos.lt\/en\/product\/drugeliai-orange\/","title":{"rendered":"Butterflies Orange"},"content":{"rendered":"<h3>Akrilo stiklo sieninis laikrodis DRUGELIAI ORANGE<span style=\"font-size: 16px;\">.<\/span><\/h3>\n<p>Sieninis laikrodis Drugeliai i\u0161 unikalios to paties pavadinimo kolekcijos. Tai ne\u012fprastas, visi\u0161kai kitoks pasi\u016blymas, \u012fdomi alternatyva tradiciniam laikrod\u017eiui. Rafinuotas ir kruop\u0161\u010diai apgalvotas dizainas paver\u010dia j\u012f aksesuaru, be kurio neapsieina nei viena svetain\u0117, nei paauglio kambarys, nei valgomasis.<\/p>\n<p><strong>SPECIFIKACIJA:<\/strong><\/p>\n<p>Laikrod\u017eio ciferblatas &#8211; PMMA <strong>akrilinis stiklas<\/strong> &#8211; spalva: <strong>ORAN\u017dIN\u0116<\/strong><br \/>\nRankenos spalva:<strong> BALTA<\/strong><br \/>\n<strong>Tyliai tekantis<\/strong> kvarcinis mechanizmas<br \/>\nBendri parodos matmenys:<strong> 45 cm x 60 cm<\/strong> [did\u017eiausias drugelis 16 cm]<br \/>\nMatmenys: ciferblato skersmuo <strong>28 cm x 28 cm<\/strong><\/p>\n","protected":false},"excerpt":{"rendered":"<p>Acrylic glass wall clock BUTTERFLIES ORANGE.<\/p>","protected":false},"featured_media":14261,"comment_status":"open","ping_status":"closed","template":"","meta":[],"product_brand":[],"product_cat":[227,185,66],"product_tag":[228,1857,187,1047],"class_list":{"0":"post-14258","1":"product","2":"type-product","3":"status-publish","4":"has-post-thumbnail","6":"product_cat-akrilo-stiklo","7":"product_cat-klijuojami","8":"product_cat-laikrodziai","9":"product_tag-akrilo-stiklo","10":"product_tag-drugeliai-orange","11":"product_tag-klijuojami-laikrodziai","12":"product_tag-laikrodis","14":"first","15":"instock","16":"taxable","17":"shipping-taxable","18":"purchasable","19":"product-type-simple"},"_links":{"self":[{"href":"https:\/\/antsienos.lt\/en\/wp-json\/wp\/v2\/product\/14258","targetHints":{"allow":["GET"]}}],"collection":[{"href":"https:\/\/antsienos.lt\/en\/wp-json\/wp\/v2\/product"}],"about":[{"href":"https:\/\/antsienos.lt\/en\/wp-json\/wp\/v2\/types\/product"}],"replies":[{"embeddable":true,"href":"https:\/\/antsienos.lt\/en\/wp-json\/wp\/v2\/comments?post=14258"}],"wp:featuredmedia":[{"embeddable":true,"href":"https:\/\/antsienos.lt\/en\/wp-json\/wp\/v2\/media\/14261"}],"wp:attachment":[{"href":"https:\/\/antsienos.lt\/en\/wp-json\/wp\/v2\/media?parent=14258"}],"wp:term":[{"taxonomy":"product_brand","embeddable":true,"href":"https:\/\/antsienos.lt\/en\/wp-json\/wp\/v2\/product_brand?post=14258"},{"taxonomy":"product_cat","embeddable":true,"href":"https:\/\/antsienos.lt\/en\/wp-json\/wp\/v2\/product_cat?post=14258"},{"taxonomy":"product_tag","embeddable":true,"href":"https:\/\/antsienos.lt\/en\/wp-json\/wp\/v2\/product_tag?post=14258"}],"curies":[{"name":"wp","href":"https:\/\/api.w.org\/{rel}","templated":true}]}}