{"id":14685,"date":"2025-05-08T10:17:55","date_gmt":"2025-05-08T12:17:55","guid":{"rendered":"https:\/\/antsienos.lt\/?post_type=product&#038;p=14685"},"modified":"2025-05-08T10:34:38","modified_gmt":"2025-05-08T12:34:38","slug":"3-daliu-paveikslas-skandinavisko-stiliaus-abstrakcija","status":"publish","type":"product","link":"https:\/\/antsienos.lt\/en\/product\/3-daliu-paveikslas-skandinavisko-stiliaus-abstrakcija\/","title":{"rendered":"3-part painting \"Scandinavian style abstraction\""},"content":{"rendered":"<p><strong>Sizes:<\/strong><\/p>\n<ul>\n<li>60x120cm: 3 x 40 cm x 60 cm<\/li>\n<li>90x180cm: 3 x 60 cm x 90 cm<\/li>\n<\/ul>\n<p class=\"translation-block\"><strong>High-quality printing!<\/strong><br>\nHigh-quality canvas combined with the appropriate printing resolution guarantees excellent image clarity and color depth.<br>\nThe painting does not require additional frames and is immediately ready to hang.<\/p>","protected":false},"excerpt":{"rendered":"<p><span class=\"relative -mx-px my-[-0.2rem] rounded px-px py-[0.2rem] transition-colors duration-100 ease-in-out\">Tai abstraktus peiza\u017eas, perteikiantis \u0161iaurieti\u0161k\u0105 estetik\u0105 ir subtil\u0173 spalv\u0173 \u017eaism\u0105.<\/span> <span class=\"relative -mx-px my-[-0.2rem] rounded px-px py-[0.2rem] transition-colors duration-100 ease-in-out\">\u0160is trij\u0173 dali\u0173 paveikslas sujungia sodrius m\u0117lynus atspalvius su \u0161iltu auksiniu tonu, sukuriant harmoning\u0105 ir raminan\u010di\u0105 kompozicij\u0105.<\/span><\/p>\n","protected":false},"featured_media":14688,"comment_status":"open","ping_status":"closed","template":"","meta":[],"product_brand":[],"product_cat":[524,272,519],"product_tag":[1313,415,273,1936,289],"class_list":{"0":"post-14685","1":"product","2":"type-product","3":"status-publish","4":"has-post-thumbnail","6":"product_cat-modernus","7":"product_cat-paveikslai","8":"product_cat-triju-daliu","9":"product_tag-3-daliu-paveikslas","10":"product_tag-modernus","11":"product_tag-paveikslas","12":"product_tag-skandinavisko-stiliaus-abstrakcija","13":"product_tag-triptikas","15":"first","16":"instock","17":"taxable","18":"shipping-taxable","19":"purchasable","20":"product-type-variable"},"_links":{"self":[{"href":"https:\/\/antsienos.lt\/en\/wp-json\/wp\/v2\/product\/14685","targetHints":{"allow":["GET"]}}],"collection":[{"href":"https:\/\/antsienos.lt\/en\/wp-json\/wp\/v2\/product"}],"about":[{"href":"https:\/\/antsienos.lt\/en\/wp-json\/wp\/v2\/types\/product"}],"replies":[{"embeddable":true,"href":"https:\/\/antsienos.lt\/en\/wp-json\/wp\/v2\/comments?post=14685"}],"wp:featuredmedia":[{"embeddable":true,"href":"https:\/\/antsienos.lt\/en\/wp-json\/wp\/v2\/media\/14688"}],"wp:attachment":[{"href":"https:\/\/antsienos.lt\/en\/wp-json\/wp\/v2\/media?parent=14685"}],"wp:term":[{"taxonomy":"product_brand","embeddable":true,"href":"https:\/\/antsienos.lt\/en\/wp-json\/wp\/v2\/product_brand?post=14685"},{"taxonomy":"product_cat","embeddable":true,"href":"https:\/\/antsienos.lt\/en\/wp-json\/wp\/v2\/product_cat?post=14685"},{"taxonomy":"product_tag","embeddable":true,"href":"https:\/\/antsienos.lt\/en\/wp-json\/wp\/v2\/product_tag?post=14685"}],"curies":[{"name":"wp","href":"https:\/\/api.w.org\/{rel}","templated":true}]}}