{"id":14691,"date":"2025-05-08T10:35:52","date_gmt":"2025-05-08T12:35:52","guid":{"rendered":"https:\/\/antsienos.lt\/?post_type=product&#038;p=14691"},"modified":"2025-05-08T10:58:34","modified_gmt":"2025-05-08T12:58:34","slug":"3-daliu-paveikslas-kalnai-ir-miskas-sauletekio-metu","status":"publish","type":"product","link":"https:\/\/antsienos.lt\/en\/product\/3-daliu-paveikslas-kalnai-ir-miskas-sauletekio-metu\/","title":{"rendered":"3-part painting \"Mountains and Forest at Sunrise\""},"content":{"rendered":"<p><strong>Sizes:<\/strong><\/p>\n<ul>\n<li>60x120cm: 3 x 40 cm x 60 cm<\/li>\n<li>90x180cm: 3 x 60 cm x 90 cm<\/li>\n<\/ul>\n<p class=\"translation-block\"><strong>High-quality printing!<\/strong><br>\nHigh-quality canvas combined with the appropriate printing resolution guarantees excellent image clarity and color depth.<br>\nThe painting does not require additional frames and is immediately ready to hang.<\/p>","protected":false},"excerpt":{"rendered":"<p><span class=\"relative -mx-px my-[-0.2rem] rounded px-px py-[0.2rem] transition-colors duration-100 ease-in-out\">Tai boho stiliaus sien\u0173 dekoracija, perteikianti gamtos ramyb\u0119 ir harmonij\u0105.<\/span> <span class=\"relative -mx-px my-[-0.2rem] rounded px-px py-[0.2rem] transition-colors duration-100 ease-in-out\">Kompozicijoje vaizduojami kalnai ir mi\u0161kas, apgaubti \u0161velnios saul\u0117tekio \u0161viesos, sukuria raminan\u010di\u0105 atmosfer\u0105.<\/span> <span class=\"relative -mx-px my-[-0.2rem] rounded px-px py-[0.2rem] transition-colors duration-100 ease-in-out\">\u0160is triptikas puikiai tinka interjerams, kuriuose siekiama pabr\u0117\u017eti nat\u016bralum\u0105 ir estetik\u0105.<\/span><\/p>\n","protected":false},"featured_media":14696,"comment_status":"open","ping_status":"closed","template":"","meta":[],"product_brand":[],"product_cat":[524,272,519],"product_tag":[1313,1937,415,273,289],"class_list":{"0":"post-14691","1":"product","2":"type-product","3":"status-publish","4":"has-post-thumbnail","6":"product_cat-modernus","7":"product_cat-paveikslai","8":"product_cat-triju-daliu","9":"product_tag-3-daliu-paveikslas","10":"product_tag-kalnai-ir-miskas-sauletekio-metu","11":"product_tag-modernus","12":"product_tag-paveikslas","13":"product_tag-triptikas","15":"first","16":"instock","17":"taxable","18":"shipping-taxable","19":"purchasable","20":"product-type-variable"},"_links":{"self":[{"href":"https:\/\/antsienos.lt\/en\/wp-json\/wp\/v2\/product\/14691","targetHints":{"allow":["GET"]}}],"collection":[{"href":"https:\/\/antsienos.lt\/en\/wp-json\/wp\/v2\/product"}],"about":[{"href":"https:\/\/antsienos.lt\/en\/wp-json\/wp\/v2\/types\/product"}],"replies":[{"embeddable":true,"href":"https:\/\/antsienos.lt\/en\/wp-json\/wp\/v2\/comments?post=14691"}],"wp:featuredmedia":[{"embeddable":true,"href":"https:\/\/antsienos.lt\/en\/wp-json\/wp\/v2\/media\/14696"}],"wp:attachment":[{"href":"https:\/\/antsienos.lt\/en\/wp-json\/wp\/v2\/media?parent=14691"}],"wp:term":[{"taxonomy":"product_brand","embeddable":true,"href":"https:\/\/antsienos.lt\/en\/wp-json\/wp\/v2\/product_brand?post=14691"},{"taxonomy":"product_cat","embeddable":true,"href":"https:\/\/antsienos.lt\/en\/wp-json\/wp\/v2\/product_cat?post=14691"},{"taxonomy":"product_tag","embeddable":true,"href":"https:\/\/antsienos.lt\/en\/wp-json\/wp\/v2\/product_tag?post=14691"}],"curies":[{"name":"wp","href":"https:\/\/api.w.org\/{rel}","templated":true}]}}