{"id":14942,"date":"2025-05-12T05:39:27","date_gmt":"2025-05-12T07:39:27","guid":{"rendered":"https:\/\/antsienos.lt\/?post_type=product&#038;p=14942"},"modified":"2026-04-22T02:18:38","modified_gmt":"2026-04-22T04:18:38","slug":"3-daliu-paveikslas-minimalistinis-pastelinis-dizainas","status":"publish","type":"product","link":"https:\/\/antsienos.lt\/en\/product\/3-daliu-paveikslas-minimalistinis-pastelinis-dizainas\/","title":{"rendered":"3-part painting \"Minimalist pastel design\""},"content":{"rendered":"<p><strong>Sizes:<\/strong><\/p>\n<ul>\n<li>60x120cm: 3 x 40 cm x 60 cm<\/li>\n<li>90x180cm: 3 x 60 cm x 90 cm<\/li>\n<\/ul>\n<p class=\"translation-block\"><strong>High-quality printing!<\/strong><br>\nHigh-quality canvas combined with the appropriate printing resolution guarantees excellent image clarity and color depth.<br>\nThe painting does not require additional frames and is immediately ready to hang.<\/p>","protected":false},"excerpt":{"rendered":"<p><span class=\"relative -mx-px my-[-0.2rem] rounded px-px py-[0.2rem] transition-colors duration-100 ease-in-out\">\u0160is triptikas pasi\u017eymi subtilia spalv\u0173 palete \u2013 dominuoja \u0161veln\u016bs sm\u0117lio atspalviai ir gilus juodas kontrastas.<\/span> <span class=\"relative -mx-px my-[-0.2rem] rounded px-px py-[0.2rem] transition-colors duration-100 ease-in-out\">Kompozicijoje matomi abstrakt\u016bs motyvai, \u012fskaitant stilizuot\u0105 veid\u0105, geometrines fig\u016bras ir oran\u017ein\u012f saul\u0117s disk\u0105, kurie suteikia paveikslui modernumo ir vizualinio gylio.<\/span><\/p>\n","protected":false},"featured_media":14946,"comment_status":"open","ping_status":"closed","template":"","meta":[],"product_brand":[],"product_cat":[524,272,519],"product_tag":[1313,1970,415,273,289],"class_list":{"0":"post-14942","1":"product","2":"type-product","3":"status-publish","4":"has-post-thumbnail","6":"product_cat-modernus","7":"product_cat-paveikslai","8":"product_cat-triju-daliu","9":"product_tag-3-daliu-paveikslas","10":"product_tag-minimalistinis-pastelinis-dizainas","11":"product_tag-modernus","12":"product_tag-paveikslas","13":"product_tag-triptikas","15":"first","16":"instock","17":"taxable","18":"shipping-taxable","19":"purchasable","20":"product-type-variable"},"_links":{"self":[{"href":"https:\/\/antsienos.lt\/en\/wp-json\/wp\/v2\/product\/14942","targetHints":{"allow":["GET"]}}],"collection":[{"href":"https:\/\/antsienos.lt\/en\/wp-json\/wp\/v2\/product"}],"about":[{"href":"https:\/\/antsienos.lt\/en\/wp-json\/wp\/v2\/types\/product"}],"replies":[{"embeddable":true,"href":"https:\/\/antsienos.lt\/en\/wp-json\/wp\/v2\/comments?post=14942"}],"wp:featuredmedia":[{"embeddable":true,"href":"https:\/\/antsienos.lt\/en\/wp-json\/wp\/v2\/media\/14946"}],"wp:attachment":[{"href":"https:\/\/antsienos.lt\/en\/wp-json\/wp\/v2\/media?parent=14942"}],"wp:term":[{"taxonomy":"product_brand","embeddable":true,"href":"https:\/\/antsienos.lt\/en\/wp-json\/wp\/v2\/product_brand?post=14942"},{"taxonomy":"product_cat","embeddable":true,"href":"https:\/\/antsienos.lt\/en\/wp-json\/wp\/v2\/product_cat?post=14942"},{"taxonomy":"product_tag","embeddable":true,"href":"https:\/\/antsienos.lt\/en\/wp-json\/wp\/v2\/product_tag?post=14942"}],"curies":[{"name":"wp","href":"https:\/\/api.w.org\/{rel}","templated":true}]}}