{"id":3437,"date":"2020-12-23T04:00:46","date_gmt":"2020-12-23T06:00:46","guid":{"rendered":"https:\/\/antsienos.lt\/?post_type=product&#038;p=3437"},"modified":"2025-05-26T04:50:31","modified_gmt":"2025-05-26T06:50:31","slug":"sheen-wengemirror","status":"publish","type":"product","link":"https:\/\/antsienos.lt\/en\/product\/sheen-wengemirror\/","title":{"rendered":"Sheen Wenge&#038;Mirror"},"content":{"rendered":"<p>\u201eSHEEN WENGE &amp; MIRROR\u201c laikrodis yra unikali kompozicija, susidedanti i\u0161 12 indeks\u0173 ir skai\u010di\u0173, sudaran\u010di\u0173 laikrod\u017eio kompozicij\u0105.<\/p>\n<p>SPECIFICATION:<br \/>\nLaikrod\u017eio veidrodis su skai\u010diais &#8211; akrilo stiklas &#8211; Veidrodinis<br \/>\nIndeksai: spalvos WENGE blizgesys<br \/>\nRodykli\u0173 spalva: JUODA + raudona sekund\u0117<br \/>\nTylus plaukiojantis kvarcinis mechanizmas<br \/>\nBendras ekspozicijos dydis: 65 cm x 65 cm<br \/>\nMatmenys: paties disko skersmuo 11cm x 11cm<\/p>\n<p>Installing the clock is very easy and quick;<\/p>\n<p class=\"translation-block\">1. Place the attached template on the wall - thanks to it, we can evenly arrange the elements on the wall<br>\n2. Glue the elements to the wall (each element is self-adhesive and has a strong assembly tape)<br>\n3. Set the time and hang the clock mirror<br>\n4. Remove the protective foil from the elements<br>\nThe whole process takes no more than 10 minutes<\/p>\n<p>Each watch comes with detailed and illustrated assembly instructions<\/p>","protected":false},"excerpt":{"rendered":"<p>This is one of our unique models. It is modern and stylish, and its appearance attracts attention.<\/p>","protected":false},"featured_media":3438,"comment_status":"open","ping_status":"closed","template":"","meta":[],"product_brand":[],"product_cat":[185],"product_tag":[187,215],"class_list":{"0":"post-3437","1":"product","2":"type-product","3":"status-publish","4":"has-post-thumbnail","6":"product_cat-klijuojami","7":"product_tag-klijuojami-laikrodziai","8":"product_tag-sheen-wenge-mirror","10":"first","11":"instock","12":"taxable","13":"shipping-taxable","14":"purchasable","15":"product-type-simple"},"_links":{"self":[{"href":"https:\/\/antsienos.lt\/en\/wp-json\/wp\/v2\/product\/3437","targetHints":{"allow":["GET"]}}],"collection":[{"href":"https:\/\/antsienos.lt\/en\/wp-json\/wp\/v2\/product"}],"about":[{"href":"https:\/\/antsienos.lt\/en\/wp-json\/wp\/v2\/types\/product"}],"replies":[{"embeddable":true,"href":"https:\/\/antsienos.lt\/en\/wp-json\/wp\/v2\/comments?post=3437"}],"wp:featuredmedia":[{"embeddable":true,"href":"https:\/\/antsienos.lt\/en\/wp-json\/wp\/v2\/media\/3438"}],"wp:attachment":[{"href":"https:\/\/antsienos.lt\/en\/wp-json\/wp\/v2\/media?parent=3437"}],"wp:term":[{"taxonomy":"product_brand","embeddable":true,"href":"https:\/\/antsienos.lt\/en\/wp-json\/wp\/v2\/product_brand?post=3437"},{"taxonomy":"product_cat","embeddable":true,"href":"https:\/\/antsienos.lt\/en\/wp-json\/wp\/v2\/product_cat?post=3437"},{"taxonomy":"product_tag","embeddable":true,"href":"https:\/\/antsienos.lt\/en\/wp-json\/wp\/v2\/product_tag?post=3437"}],"curies":[{"name":"wp","href":"https:\/\/api.w.org\/{rel}","templated":true}]}}