{"id":3483,"date":"2020-12-29T04:22:10","date_gmt":"2020-12-29T06:22:10","guid":{"rendered":"https:\/\/antsienos.lt\/?post_type=product&#038;p=3483"},"modified":"2025-04-29T09:29:52","modified_gmt":"2025-04-29T11:29:52","slug":"arabic-wood-white-and-orange","status":"publish","type":"product","link":"https:\/\/antsienos.lt\/en\/product\/arabic-wood-white-and-orange\/","title":{"rendered":"Arabic Wood White Orange"},"content":{"rendered":"<p>Wooden wall clock, handmade with attention to every detail - with orange hands and shiny numbers. For protection, the clock was impregnated with natural beeswax. A beautiful wooden accessory that fits both modern and traditional interiors.<\/p>\n<p><strong>SPECIFICATION:<\/strong><\/p>\n<p>Laikrod\u017eio korpusas &#8211; <strong>Nat\u016bralus \u0105\u017euolas<\/strong><br \/>\nIndeksai: blizgus <strong>akrilo stiklas,<\/strong><br \/>\nKvarco mechanizmas maitinamas<strong> AA baterija<\/strong><br \/>\n<strong>Tylus<\/strong> plaukiojantis kvarco mechanizmas<br \/>\nLaikrod\u017eio korpuso skersmuo: <strong>33,5 cm<\/strong><\/p>\n<p>It is enough to hang the clock on a wall hook<\/p>\n<p>Illustrated assembly instructions are included with each watch<\/p>","protected":false},"excerpt":{"rendered":"<p>A beautiful decoration for your living room, office, kitchen or dining room. The clock is equipped with an extremely quiet branded mechanism. Which will serve you for many years.<\/p>","protected":false},"featured_media":3485,"comment_status":"open","ping_status":"closed","template":"","meta":[],"product_brand":[],"product_cat":[218],"product_tag":[223,1550,220],"class_list":{"0":"post-3483","1":"product","2":"type-product","3":"status-publish","4":"has-post-thumbnail","6":"product_cat-mediniai","7":"product_tag-arabic-white-orange","8":"product_tag-laikrodziai","9":"product_tag-mediniai-laikrodziai","11":"first","12":"instock","13":"taxable","14":"shipping-taxable","15":"purchasable","16":"product-type-simple"},"_links":{"self":[{"href":"https:\/\/antsienos.lt\/en\/wp-json\/wp\/v2\/product\/3483","targetHints":{"allow":["GET"]}}],"collection":[{"href":"https:\/\/antsienos.lt\/en\/wp-json\/wp\/v2\/product"}],"about":[{"href":"https:\/\/antsienos.lt\/en\/wp-json\/wp\/v2\/types\/product"}],"replies":[{"embeddable":true,"href":"https:\/\/antsienos.lt\/en\/wp-json\/wp\/v2\/comments?post=3483"}],"wp:featuredmedia":[{"embeddable":true,"href":"https:\/\/antsienos.lt\/en\/wp-json\/wp\/v2\/media\/3485"}],"wp:attachment":[{"href":"https:\/\/antsienos.lt\/en\/wp-json\/wp\/v2\/media?parent=3483"}],"wp:term":[{"taxonomy":"product_brand","embeddable":true,"href":"https:\/\/antsienos.lt\/en\/wp-json\/wp\/v2\/product_brand?post=3483"},{"taxonomy":"product_cat","embeddable":true,"href":"https:\/\/antsienos.lt\/en\/wp-json\/wp\/v2\/product_cat?post=3483"},{"taxonomy":"product_tag","embeddable":true,"href":"https:\/\/antsienos.lt\/en\/wp-json\/wp\/v2\/product_tag?post=3483"}],"curies":[{"name":"wp","href":"https:\/\/api.w.org\/{rel}","templated":true}]}}