{"id":3669,"date":"2020-12-30T12:10:46","date_gmt":"2020-12-30T14:10:46","guid":{"rendered":"https:\/\/antsienos.lt\/?post_type=product&#038;p=3669"},"modified":"2025-05-26T09:19:24","modified_gmt":"2025-05-26T11:19:24","slug":"drugeliai-wenge","status":"publish","type":"product","link":"https:\/\/antsienos.lt\/en\/product\/drugeliai-wenge\/","title":{"rendered":"Butterfly Wenge"},"content":{"rendered":"<p>Sieninis laikrodis Drugeliai, i\u0161 unikalios to paties pavadinimo kolekcijos. Tai ne\u012fprastas, visi\u0161kai kitoks pasi\u016blymas, kuris yra \u012fdomi alternatyva tradiciniam laikrod\u017eiui. D\u0117l rafinuoto ir gerai apgalvoto dizaino tai yra aksesuaras, be kurio neapsieina n\u0117 viena svetain\u0117, paaugli\u0173 kambarys ar valgomasis.<\/p>\n<p>Viskas d\u0117ka didelio, \u012fskaitomo, venge spalvos stiklo ciferblato, i\u0161 kurio i\u0161leid\u017eiami septyni skirtingo dyd\u017eio drugeliai. D\u0117l to visuma sukuria ypa\u010d lengv\u0105 ir dinami\u0161k\u0105 kompozicij\u0105.<\/p>\n<p>Tradicinis, itin prakti\u0161kas laikrodis kartu su gra\u017eia, regima aplinka sukuria unikal\u0173 ir original\u0173 aksesuar\u0105. Did\u017eiausias \u0161io tipo laikrod\u017ei\u0173 prana\u0161umas yra tai, kad jie gali pakeisti kitus sien\u0173 priedus, pavyzd\u017eiui, paveiksl\u0117lius ar nuotraukas, nes jie yra tokie dekoratyv\u016bs, kad kiti aplink juos kabantys daiktai tampa nereikalingi.<\/p>\n<p>Nusprend\u0119 \u012fsigyti tok\u012f turting\u0105 formos laikrod\u012f, tuo pa\u010diu turime susidurti su nuobod\u017eiu ka\u017eko kito, kuris u\u017epildyt\u0173 m\u016bs\u0173 tu\u0161\u010di\u0105, \u012fprast\u0105 sien\u0105, paie\u0161komis.<\/p>\n<p>SPECIFIKACIJA:<br \/>\nLaikrodis &#8211; PMMA akrilo stiklas &#8211; spalva: WENGE<br \/>\nRodykli\u0173 spalva: SIDABRAS<br \/>\nTylus plaukiojantis kvarco mechanizmas<br \/>\nBendras ekspozicijos dydis: 45 cm x 60 cm [did\u017eiausias drugelis 16 cm]<br \/>\nMatmenys: disko skersmuo 28cm x 28cm<\/p>\n<p>Laikrod\u017eio veidrod\u012f pakabinkite ant kablio, papildomi drugeliai (7 vnt.) Yra lip\u016bs, tereikia nuimti lipni\u0105 tvirtinimo juostel\u0119 ir tada prispausti element\u0105 prie sienos. Drugeliai gali b\u016bti i\u0161d\u0117styti pagal m\u016bs\u0173 pasi\u016blym\u0105, matom\u0105 i\u0161d\u0117styme, arba pagal j\u016bs\u0173 pa\u010di\u0173 id\u0117j\u0105.<\/p>\n<p>Kiekvienas laikrodis turi iliustruot\u0105 surinkimo vadov\u0105<\/p>\n","protected":false},"excerpt":{"rendered":"<p>Modern and dynamic, yet classic and lightweight.<\/p>","protected":false},"featured_media":3670,"comment_status":"open","ping_status":"closed","template":"","meta":[],"product_brand":[],"product_cat":[227],"product_tag":[228,266,251,226,248],"class_list":{"0":"post-3669","1":"product","2":"type-product","3":"status-publish","4":"has-post-thumbnail","6":"product_cat-akrilo-stiklo","7":"product_tag-akrilo-stiklo","8":"product_tag-drugeliai-wenge","9":"product_tag-svetainei","10":"product_tag-vaiko-kambariui","11":"product_tag-virtuvei","13":"first","14":"instock","15":"taxable","16":"shipping-taxable","17":"purchasable","18":"product-type-simple"},"_links":{"self":[{"href":"https:\/\/antsienos.lt\/en\/wp-json\/wp\/v2\/product\/3669","targetHints":{"allow":["GET"]}}],"collection":[{"href":"https:\/\/antsienos.lt\/en\/wp-json\/wp\/v2\/product"}],"about":[{"href":"https:\/\/antsienos.lt\/en\/wp-json\/wp\/v2\/types\/product"}],"replies":[{"embeddable":true,"href":"https:\/\/antsienos.lt\/en\/wp-json\/wp\/v2\/comments?post=3669"}],"wp:featuredmedia":[{"embeddable":true,"href":"https:\/\/antsienos.lt\/en\/wp-json\/wp\/v2\/media\/3670"}],"wp:attachment":[{"href":"https:\/\/antsienos.lt\/en\/wp-json\/wp\/v2\/media?parent=3669"}],"wp:term":[{"taxonomy":"product_brand","embeddable":true,"href":"https:\/\/antsienos.lt\/en\/wp-json\/wp\/v2\/product_brand?post=3669"},{"taxonomy":"product_cat","embeddable":true,"href":"https:\/\/antsienos.lt\/en\/wp-json\/wp\/v2\/product_cat?post=3669"},{"taxonomy":"product_tag","embeddable":true,"href":"https:\/\/antsienos.lt\/en\/wp-json\/wp\/v2\/product_tag?post=3669"}],"curies":[{"name":"wp","href":"https:\/\/api.w.org\/{rel}","templated":true}]}}