{"id":4627,"date":"2022-06-06T10:03:48","date_gmt":"2022-06-06T12:03:48","guid":{"rendered":"https:\/\/antsienos.lt\/?post_type=product&#038;p=4627"},"modified":"2022-06-06T10:03:49","modified_gmt":"2022-06-06T12:03:49","slug":"vaizduote","status":"publish","type":"product","link":"https:\/\/antsienos.lt\/en\/product\/vaizduote\/","title":{"rendered":"Imagination"},"content":{"rendered":"<p>Vis atnaujinate savo interjer\u0105, perkate naujus baldus, bet vis tiek ka\u017eko tr\u016bksta..Kita kambario spalva taip pat neatlieka savo vaidmens..<\/p>\n<p>Paveikslai yra puikus sprendimas! Jie ne tik puo\u0161ia, bet ir atnaujina namus. Vos per kelias akimirkas galite papuo\u0161ti sien\u0105 g\u0117l\u0117mis, gyv\u016bnais ar kitais puo\u0161niais ra\u0161tais. Net ir i\u0161rankiausias ras sau tinkant\u012f paveiksl\u0105.<\/p>","protected":false},"excerpt":{"rendered":"<p>Paveikslas \u00a0\u2013 \u201eVaizduot\u0117\u201c tai i\u0161skirtinio dizaino ir stiliaus akcentas J\u016bs\u0173 namams, kuris praturtins J\u016bs\u0173 erdv\u0119 jaukumu, spalvomis bei harmonija.<\/p>","protected":false},"featured_media":4628,"comment_status":"open","ping_status":"closed","template":"","meta":[],"product_brand":[],"product_cat":[272],"product_tag":[273,385],"class_list":{"0":"post-4627","1":"product","2":"type-product","3":"status-publish","4":"has-post-thumbnail","6":"product_cat-paveikslai","7":"product_tag-paveikslas","8":"product_tag-vaizduote","10":"first","11":"instock","12":"taxable","13":"shipping-taxable","14":"purchasable","15":"product-type-variable"},"_links":{"self":[{"href":"https:\/\/antsienos.lt\/en\/wp-json\/wp\/v2\/product\/4627","targetHints":{"allow":["GET"]}}],"collection":[{"href":"https:\/\/antsienos.lt\/en\/wp-json\/wp\/v2\/product"}],"about":[{"href":"https:\/\/antsienos.lt\/en\/wp-json\/wp\/v2\/types\/product"}],"replies":[{"embeddable":true,"href":"https:\/\/antsienos.lt\/en\/wp-json\/wp\/v2\/comments?post=4627"}],"wp:featuredmedia":[{"embeddable":true,"href":"https:\/\/antsienos.lt\/en\/wp-json\/wp\/v2\/media\/4628"}],"wp:attachment":[{"href":"https:\/\/antsienos.lt\/en\/wp-json\/wp\/v2\/media?parent=4627"}],"wp:term":[{"taxonomy":"product_brand","embeddable":true,"href":"https:\/\/antsienos.lt\/en\/wp-json\/wp\/v2\/product_brand?post=4627"},{"taxonomy":"product_cat","embeddable":true,"href":"https:\/\/antsienos.lt\/en\/wp-json\/wp\/v2\/product_cat?post=4627"},{"taxonomy":"product_tag","embeddable":true,"href":"https:\/\/antsienos.lt\/en\/wp-json\/wp\/v2\/product_tag?post=4627"}],"curies":[{"name":"wp","href":"https:\/\/api.w.org\/{rel}","templated":true}]}}