{"id":4837,"date":"2023-05-17T04:00:17","date_gmt":"2023-05-17T06:00:17","guid":{"rendered":"https:\/\/antsienos.lt\/?post_type=product&#038;p=4837"},"modified":"2026-04-07T07:18:23","modified_gmt":"2026-04-07T09:18:23","slug":"vakaras-juroje","status":"publish","type":"product","link":"https:\/\/antsienos.lt\/en\/product\/vakaras-juroje\/","title":{"rendered":"Evening at sea"},"content":{"rendered":"<p class=\"translation-block\"><strong>Canvas<\/strong> \u2013 reinforced cotton. The special surface coating of the material perfectly absorbs ink and allows you to achieve excellent results. The attractive, natural color of the canvas base allows you to create high-quality images. We stretched the canvas on a frame. The advantage of this product is its mobility in case of renovation. It is reusable.<\/p>","protected":false},"excerpt":{"rendered":"<p>Evening at sea<\/p>\n<p>Nesud\u0117tinga interjero atgaiva ar greitas erdv\u0117s metamorfoz\u0117s b\u016bdas. Garantuojame auk\u0161\u010diausi\u0105 atlikimo kokyb\u0119, vaizdo ir drob\u0117s ilgaam\u017ei\u0161kum\u0105, taip pat \u017eav\u0173 spaud\u0105 su spalv\u0173 intensyvumu, intriguojan\u010diais motyvais<br \/>\nir meistri\u0161kumas, pastebimas puo\u0161ybos detal\u0117se.<\/p>","protected":false},"featured_media":4843,"comment_status":"open","ping_status":"closed","template":"","meta":[],"product_brand":[],"product_cat":[272],"product_tag":[276,273,428],"class_list":{"0":"post-4837","1":"product","2":"type-product","3":"status-publish","4":"has-post-thumbnail","6":"product_cat-paveikslai","7":"product_tag-drobe","8":"product_tag-paveikslas","9":"product_tag-vakaras-juroje","11":"first","12":"instock","13":"taxable","14":"shipping-taxable","15":"purchasable","16":"product-type-variable"},"_links":{"self":[{"href":"https:\/\/antsienos.lt\/en\/wp-json\/wp\/v2\/product\/4837","targetHints":{"allow":["GET"]}}],"collection":[{"href":"https:\/\/antsienos.lt\/en\/wp-json\/wp\/v2\/product"}],"about":[{"href":"https:\/\/antsienos.lt\/en\/wp-json\/wp\/v2\/types\/product"}],"replies":[{"embeddable":true,"href":"https:\/\/antsienos.lt\/en\/wp-json\/wp\/v2\/comments?post=4837"}],"wp:featuredmedia":[{"embeddable":true,"href":"https:\/\/antsienos.lt\/en\/wp-json\/wp\/v2\/media\/4843"}],"wp:attachment":[{"href":"https:\/\/antsienos.lt\/en\/wp-json\/wp\/v2\/media?parent=4837"}],"wp:term":[{"taxonomy":"product_brand","embeddable":true,"href":"https:\/\/antsienos.lt\/en\/wp-json\/wp\/v2\/product_brand?post=4837"},{"taxonomy":"product_cat","embeddable":true,"href":"https:\/\/antsienos.lt\/en\/wp-json\/wp\/v2\/product_cat?post=4837"},{"taxonomy":"product_tag","embeddable":true,"href":"https:\/\/antsienos.lt\/en\/wp-json\/wp\/v2\/product_tag?post=4837"}],"curies":[{"name":"wp","href":"https:\/\/api.w.org\/{rel}","templated":true}]}}