{"id":6237,"date":"2023-06-13T02:36:33","date_gmt":"2023-06-13T04:36:33","guid":{"rendered":"https:\/\/antsienos.lt\/?post_type=product&#038;p=6237"},"modified":"2026-04-07T05:47:52","modified_gmt":"2026-04-07T07:47:52","slug":"bobu-vasara","status":"publish","type":"product","link":"https:\/\/antsienos.lt\/en\/product\/bobu-vasara\/","title":{"rendered":"Women's summer"},"content":{"rendered":"<p>When you purchase an item from our store, you will receive a ready-to-hang picture made of high-quality canvas stretched on wooden slats. Thanks to the printing technology used, the colors do not fade even when exposed to sunlight.<\/p>\n<p class=\"translation-block\"><strong>Canvas<\/strong> \u2013 reinforced cotton. The special surface coating of the material perfectly absorbs ink and allows you to achieve excellent results. The attractive, natural color of the canvas base allows you to create high-quality images. We stretched the canvas on a frame. The advantage of this product is its mobility in case of renovation. It is reusable.<\/p>","protected":false},"excerpt":{"rendered":"<p id=\"tw-target-text\" class=\"tw-data-text tw-text-large tw-ta\" dir=\"ltr\" data-placeholder=\"Translation\"><strong>Portrait \"Women's Summer\" - reproduction of a painting by J\u00f3zef Che\u0142mo\u0144ski<\/strong><\/p>\n<p dir=\"ltr\" data-placeholder=\"Translation\">\"Women's Summer\" is a painting by Polish painter J\u00f3zef Che\u0142mo\u0144ski in the 19th century. The painting depicts an elderly woman sitting in a meadow, surrounded by wildflowers and cereals. The woman is dressed in a traditional folk costume, and a rural landscape can be seen in the background. The characteristic light falling on the figure and flowers gives the painting a nostalgic and melancholic mood.<\/p>","protected":false},"featured_media":6241,"comment_status":"open","ping_status":"closed","template":"","meta":[],"product_brand":[],"product_cat":[272,521],"product_tag":[643,644,273],"class_list":{"0":"post-6237","1":"product","2":"type-product","3":"status-publish","4":"has-post-thumbnail","6":"product_cat-paveikslai","7":"product_cat-reprodukcijos","8":"product_tag-bobu-vasara","9":"product_tag-jozef-chelmonski","10":"product_tag-paveikslas","12":"first","13":"instock","14":"taxable","15":"shipping-taxable","16":"purchasable","17":"product-type-variable"},"_links":{"self":[{"href":"https:\/\/antsienos.lt\/en\/wp-json\/wp\/v2\/product\/6237","targetHints":{"allow":["GET"]}}],"collection":[{"href":"https:\/\/antsienos.lt\/en\/wp-json\/wp\/v2\/product"}],"about":[{"href":"https:\/\/antsienos.lt\/en\/wp-json\/wp\/v2\/types\/product"}],"replies":[{"embeddable":true,"href":"https:\/\/antsienos.lt\/en\/wp-json\/wp\/v2\/comments?post=6237"}],"wp:featuredmedia":[{"embeddable":true,"href":"https:\/\/antsienos.lt\/en\/wp-json\/wp\/v2\/media\/6241"}],"wp:attachment":[{"href":"https:\/\/antsienos.lt\/en\/wp-json\/wp\/v2\/media?parent=6237"}],"wp:term":[{"taxonomy":"product_brand","embeddable":true,"href":"https:\/\/antsienos.lt\/en\/wp-json\/wp\/v2\/product_brand?post=6237"},{"taxonomy":"product_cat","embeddable":true,"href":"https:\/\/antsienos.lt\/en\/wp-json\/wp\/v2\/product_cat?post=6237"},{"taxonomy":"product_tag","embeddable":true,"href":"https:\/\/antsienos.lt\/en\/wp-json\/wp\/v2\/product_tag?post=6237"}],"curies":[{"name":"wp","href":"https:\/\/api.w.org\/{rel}","templated":true}]}}