{"id":8951,"date":"2024-02-07T09:35:43","date_gmt":"2024-02-07T11:35:43","guid":{"rendered":"https:\/\/antsienos.lt\/?post_type=product&#038;p=8951"},"modified":"2025-02-14T05:19:15","modified_gmt":"2025-02-14T07:19:15","slug":"3d-spalvotos-plunksnos","status":"publish","type":"product","link":"https:\/\/antsienos.lt\/en\/product\/3d-spalvotos-plunksnos\/","title":{"rendered":"3D colored feathers"},"content":{"rendered":"<p><strong>Sizes:<\/strong><\/p>\n<ul>\n<li>4 pictures 40\u00d780 cm.<\/li>\n<\/ul>\n<p>Did you know that you can completely change your interior with just one decoration? Four-piece paintings are compositions of decorative prints that match a theme or color, which you can freely arrange on your walls. Use our inspirations or tell your own story by hanging each of the 4 elements as you like. Set your own trends by creating a unique aesthetic experience!<\/p>","protected":false},"excerpt":{"rendered":"<p>\u0160is keturi\u0173 dali\u0173 paveikslas \u201e3D spalvotos plunksnos\u201c yra moderni sien\u0173 dekoracija, kuri\u0105 sudaro keturi 40\u00d780 cm dyd\u017eio segmentai. Kiekviename segmente pavaizduotos spalvingos plunksnos, sukurian\u010dios trima\u010dio efekto \u012fsp\u016bd\u012f. Ry\u0161kios spalvos ir dinami\u0161kas dizainas suteikia interjerui gyvybingumo ir originalumo, puikiai papildydamos \u0161iuolaiki\u0161k\u0105 nam\u0173 ar biuro aplink\u0105.<\/p>","protected":false},"featured_media":8952,"comment_status":"open","ping_status":"closed","template":"","meta":[],"product_brand":[],"product_cat":[960,272],"product_tag":[971,961],"class_list":{"0":"post-8951","1":"product","2":"type-product","3":"status-publish","4":"has-post-thumbnail","6":"product_cat-keturiu-daliu","7":"product_cat-paveikslai","8":"product_tag-3d-spalvotos-plunksnos","9":"product_tag-keturiu-daliu","11":"first","12":"instock","13":"taxable","14":"shipping-taxable","15":"purchasable","16":"product-type-simple"},"_links":{"self":[{"href":"https:\/\/antsienos.lt\/en\/wp-json\/wp\/v2\/product\/8951","targetHints":{"allow":["GET"]}}],"collection":[{"href":"https:\/\/antsienos.lt\/en\/wp-json\/wp\/v2\/product"}],"about":[{"href":"https:\/\/antsienos.lt\/en\/wp-json\/wp\/v2\/types\/product"}],"replies":[{"embeddable":true,"href":"https:\/\/antsienos.lt\/en\/wp-json\/wp\/v2\/comments?post=8951"}],"wp:featuredmedia":[{"embeddable":true,"href":"https:\/\/antsienos.lt\/en\/wp-json\/wp\/v2\/media\/8952"}],"wp:attachment":[{"href":"https:\/\/antsienos.lt\/en\/wp-json\/wp\/v2\/media?parent=8951"}],"wp:term":[{"taxonomy":"product_brand","embeddable":true,"href":"https:\/\/antsienos.lt\/en\/wp-json\/wp\/v2\/product_brand?post=8951"},{"taxonomy":"product_cat","embeddable":true,"href":"https:\/\/antsienos.lt\/en\/wp-json\/wp\/v2\/product_cat?post=8951"},{"taxonomy":"product_tag","embeddable":true,"href":"https:\/\/antsienos.lt\/en\/wp-json\/wp\/v2\/product_tag?post=8951"}],"curies":[{"name":"wp","href":"https:\/\/api.w.org\/{rel}","templated":true}]}}