{"id":9636,"date":"2025-01-23T12:32:49","date_gmt":"2025-01-23T14:32:49","guid":{"rendered":"https:\/\/antsienos.lt\/?post_type=product&#038;p=9636"},"modified":"2025-01-23T12:40:10","modified_gmt":"2025-01-23T14:40:10","slug":"5-daliu-paveikslas-miskas-ruke","status":"publish","type":"product","link":"https:\/\/antsienos.lt\/en\/product\/5-daliu-paveikslas-miskas-ruke\/","title":{"rendered":"5 dali\u0173 paveikslas &#8222;Mi\u0161kas r\u016bke&#8221;"},"content":{"rendered":"<p>Sizes:<\/p>\n<ul>\n<li>100&#215;50: 20&#215;30 20&#215;40 20&#215;50 20&#215;40 20&#215;30<\/li>\n<li>200&#215;100: 40&#215;60 40&#215;80 40&#215;100 40&#215;80 40&#215;60<\/li>\n<\/ul>\n<p class=\"translation-block\"><strong>High-quality printing! <\/strong>High-quality canvas combined with the appropriate printing resolution guarantees excellent image clarity and color depth.<br>\nThe painting does not require additional frames and is immediately ready to hang.<br>\n<strong>Odorless product<\/strong>. Suitable for use in the bedroom and children's room.<br>\n<strong>UV protection. <\/strong>Colors do not fade even when exposed to the sun.<\/p>","protected":false},"excerpt":{"rendered":"<p><strong>Forest in fog<\/strong><\/p>\n<p>Paveikslai svetainei &#8211; Mi\u0161kas r\u016bke puikiai papildys J\u016bs\u0173 interjer\u0105. Mi\u0161ko ramumos ir r\u016bko rinkinys tiks svetain\u0117je ir miegamajame.<\/p>","protected":false},"featured_media":9640,"comment_status":"open","ping_status":"closed","template":"","meta":[],"product_brand":[],"product_cat":[272,520],"product_tag":[527,293,320,273],"class_list":{"0":"post-9636","1":"product","2":"type-product","3":"status-publish","4":"has-post-thumbnail","6":"product_cat-paveikslai","7":"product_cat-penkiu-daliu","8":"product_tag-5-daliu","9":"product_tag-miskas","10":"product_tag-miskas-ruke","11":"product_tag-paveikslas","13":"first","14":"instock","15":"taxable","16":"shipping-taxable","17":"purchasable","18":"product-type-variable"},"_links":{"self":[{"href":"https:\/\/antsienos.lt\/en\/wp-json\/wp\/v2\/product\/9636","targetHints":{"allow":["GET"]}}],"collection":[{"href":"https:\/\/antsienos.lt\/en\/wp-json\/wp\/v2\/product"}],"about":[{"href":"https:\/\/antsienos.lt\/en\/wp-json\/wp\/v2\/types\/product"}],"replies":[{"embeddable":true,"href":"https:\/\/antsienos.lt\/en\/wp-json\/wp\/v2\/comments?post=9636"}],"wp:featuredmedia":[{"embeddable":true,"href":"https:\/\/antsienos.lt\/en\/wp-json\/wp\/v2\/media\/9640"}],"wp:attachment":[{"href":"https:\/\/antsienos.lt\/en\/wp-json\/wp\/v2\/media?parent=9636"}],"wp:term":[{"taxonomy":"product_brand","embeddable":true,"href":"https:\/\/antsienos.lt\/en\/wp-json\/wp\/v2\/product_brand?post=9636"},{"taxonomy":"product_cat","embeddable":true,"href":"https:\/\/antsienos.lt\/en\/wp-json\/wp\/v2\/product_cat?post=9636"},{"taxonomy":"product_tag","embeddable":true,"href":"https:\/\/antsienos.lt\/en\/wp-json\/wp\/v2\/product_tag?post=9636"}],"curies":[{"name":"wp","href":"https:\/\/api.w.org\/{rel}","templated":true}]}}